{"id":1052,"date":"2018-03-21T16:19:34","date_gmt":"2018-03-21T16:19:34","guid":{"rendered":"http:\/\/www.tc-og-gm.de\/?page_id=1052"},"modified":"2018-03-21T16:28:41","modified_gmt":"2018-03-21T16:28:41","slug":"damen-50-4er","status":"publish","type":"page","link":"http:\/\/www.tc-og-gm.de\/?page_id=1052","title":{"rendered":"Damen 50  (4er)"},"content":{"rendered":"<p>Ab Mai 2018 spielen die Damen in der C-Klasse<\/p>\n<p>Wir starten\u00a0 am 5.5.\u00a0 um 13.30 Uhr mit einem Heimspiel gegen Waldmohr.<\/p>\n<p>Gute Besserung an Alle ,die noch nicht fit sind !<\/p>\n<p>Am 5.5. hei\u00dft es dann wieder : Was wollen wir ?Was m\u00fcssen wir ? Was machen wir ?<\/p>\n<p>Tschacka-M\u00e4dels &#8211; Attacke ! \ud83d\ude42<\/p>\n<p>Eure Silvia\u00a0 \ud83d\ude42<\/p>\n","protected":false},"excerpt":{"rendered":"<p>Ab Mai 2018 spielen die Damen in der C-Klasse Wir starten\u00a0 am 5.5.\u00a0 um 13.30 Uhr mit einem Heimspiel gegen Waldmohr. Gute Besserung an Alle ,die noch nicht fit sind ! Am 5.5. hei\u00dft es dann wieder : Was wollen wir ?Was m\u00fcssen wir ? Was machen wir ? Tschacka-M\u00e4dels &#8211; Attacke ! \ud83d\ude42 Eure Silvia\u00a0 \ud83d\ude42<\/p>\n","protected":false},"author":2,"featured_media":0,"parent":0,"menu_order":0,"comment_status":"closed","ping_status":"closed","template":"","meta":{"ngg_post_thumbnail":0,"footnotes":""},"_links":{"self":[{"href":"http:\/\/www.tc-og-gm.de\/index.php?rest_route=\/wp\/v2\/pages\/1052"}],"collection":[{"href":"http:\/\/www.tc-og-gm.de\/index.php?rest_route=\/wp\/v2\/pages"}],"about":[{"href":"http:\/\/www.tc-og-gm.de\/index.php?rest_route=\/wp\/v2\/types\/page"}],"author":[{"embeddable":true,"href":"http:\/\/www.tc-og-gm.de\/index.php?rest_route=\/wp\/v2\/users\/2"}],"replies":[{"embeddable":true,"href":"http:\/\/www.tc-og-gm.de\/index.php?rest_route=%2Fwp%2Fv2%2Fcomments&post=1052"}],"version-history":[{"count":3,"href":"http:\/\/www.tc-og-gm.de\/index.php?rest_route=\/wp\/v2\/pages\/1052\/revisions"}],"predecessor-version":[{"id":1059,"href":"http:\/\/www.tc-og-gm.de\/index.php?rest_route=\/wp\/v2\/pages\/1052\/revisions\/1059"}],"wp:attachment":[{"href":"http:\/\/www.tc-og-gm.de\/index.php?rest_route=%2Fwp%2Fv2%2Fmedia&parent=1052"}],"curies":[{"name":"wp","href":"https:\/\/api.w.org\/{rel}","templated":true}]}}