{"id":1162,"date":"2022-03-17T15:14:40","date_gmt":"2022-03-17T15:14:40","guid":{"rendered":"http:\/\/www.tc-og-gm.de\/?page_id=1162"},"modified":"2022-03-17T15:16:29","modified_gmt":"2022-03-17T15:16:29","slug":"termine-2","status":"publish","type":"page","link":"http:\/\/www.tc-og-gm.de\/?page_id=1162","title":{"rendered":"Termine"},"content":{"rendered":"\n<p>\u00dcbersicht \u00fcber aktuelle und zuk\u00fcnftige Termine beim TCOG:<\/p>\n\n\n\n<div id=\"vsel\" class=\"vsel-shortcode vsel-shortcode-upcoming-events\"><p class=\"vsel-no-events\">Es gibt keine zuk\u00fcnftigen Events.<\/p><\/div>\n","protected":false},"excerpt":{"rendered":"<p>\u00dcbersicht \u00fcber aktuelle und zuk\u00fcnftige Termine beim TCOG:<\/p>\n","protected":false},"author":2,"featured_media":0,"parent":0,"menu_order":0,"comment_status":"closed","ping_status":"closed","template":"","meta":{"ngg_post_thumbnail":0,"footnotes":""},"_links":{"self":[{"href":"http:\/\/www.tc-og-gm.de\/index.php?rest_route=\/wp\/v2\/pages\/1162"}],"collection":[{"href":"http:\/\/www.tc-og-gm.de\/index.php?rest_route=\/wp\/v2\/pages"}],"about":[{"href":"http:\/\/www.tc-og-gm.de\/index.php?rest_route=\/wp\/v2\/types\/page"}],"author":[{"embeddable":true,"href":"http:\/\/www.tc-og-gm.de\/index.php?rest_route=\/wp\/v2\/users\/2"}],"replies":[{"embeddable":true,"href":"http:\/\/www.tc-og-gm.de\/index.php?rest_route=%2Fwp%2Fv2%2Fcomments&post=1162"}],"version-history":[{"count":3,"href":"http:\/\/www.tc-og-gm.de\/index.php?rest_route=\/wp\/v2\/pages\/1162\/revisions"}],"predecessor-version":[{"id":1166,"href":"http:\/\/www.tc-og-gm.de\/index.php?rest_route=\/wp\/v2\/pages\/1162\/revisions\/1166"}],"wp:attachment":[{"href":"http:\/\/www.tc-og-gm.de\/index.php?rest_route=%2Fwp%2Fv2%2Fmedia&parent=1162"}],"curies":[{"name":"wp","href":"https:\/\/api.w.org\/{rel}","templated":true}]}}