{"id":66,"date":"2011-02-28T12:47:30","date_gmt":"2011-02-28T12:47:30","guid":{"rendered":"http:\/\/www.tc-og-gm.de\/wp\/?page_id=66"},"modified":"2012-03-26T17:43:27","modified_gmt":"2012-03-26T17:43:27","slug":"mitglied-werden","status":"publish","type":"page","link":"http:\/\/www.tc-og-gm.de\/?page_id=66","title":{"rendered":"Mitglied werden"},"content":{"rendered":"<p>Mitglied werden im TC Oberes Glantal ist ganz einfach:<\/p>\n<ul>\n<li><strong>Schritt 1:<\/strong> <a href=\"pdf\/Aufnahmeantrag.pdf\" target=\"_blank\">Aufnahmeantrag<\/a> ausdrucken und ausf\u00fcllen<\/li>\n<li><strong>Schritt 2:<\/strong> Ausgef\u00fcllten Antrag beim 1. Vorsitzenden Udo Kappes, Von der Leyen Stra\u00dfe 11, 66907 Glan-M\u00fcnchweiler abgeben<\/li>\n<\/ul>\n<p>Fertig!<\/p>\n<h3>Aufnahmegeb\u00fchr und Mitgliedsbeitr\u00e4ge:<\/h3>\n<p>Die Aufnahmegeb\u00fchr betr\u00e4gt 1 \u20ac, der Jahresmitgliedsbeitrag f\u00fcr<\/p>\n<ul>\n<li>das Erstmitglied: 88,00 \u20ac<\/li>\n<li>den Ehepartner: 44,00 \u20ac<\/li>\n<li>Familienmitglieder unter 18 Jahren: 22,00 \u20ac<\/li>\n<li>Azubis \/ Sch\u00fcler \/ Studenten: 44,00 \u20ac<\/li>\n<li>passive Mitglieder: 16,50 \u20ac<\/li>\n<\/ul>\n<p>Der Jahresmitgliedsbeitrag und die Aufnahmegeb\u00fchr werden per Lastschrift eingezogen. Die<br \/>\nK\u00fcndigung der Mitgliedschaft kann zum 31.12. jeden Jahres erfolgen und bedarf der Schriftform.<\/p>\n","protected":false},"excerpt":{"rendered":"<p>Mitglied werden im TC Oberes Glantal ist ganz einfach: Schritt 1: Aufnahmeantrag ausdrucken und ausf\u00fcllen Schritt 2: Ausgef\u00fcllten Antrag beim 1. Vorsitzenden Udo Kappes, Von der Leyen Stra\u00dfe 11, 66907 Glan-M\u00fcnchweiler abgeben Fertig! Aufnahmegeb\u00fchr und Mitgliedsbeitr\u00e4ge: Die Aufnahmegeb\u00fchr betr\u00e4gt 1 \u20ac, der Jahresmitgliedsbeitrag f\u00fcr das Erstmitglied: 88,00 \u20ac den Ehepartner: 44,00 \u20ac Familienmitglieder unter 18 Jahren: 22,00 \u20ac Azubis \/ Sch\u00fcler \/ Studenten: 44,00 \u20ac passive Mitglieder: 16,50 \u20ac Der Jahresmitgliedsbeitrag und die Aufnahmegeb\u00fchr werden per Lastschrift eingezogen. Die K\u00fcndigung der Mitgliedschaft kann zum 31.12. jeden Jahres erfolgen und bedarf der Schriftform.<\/p>\n","protected":false},"author":1,"featured_media":0,"parent":0,"menu_order":0,"comment_status":"closed","ping_status":"open","template":"","meta":{"ngg_post_thumbnail":0,"footnotes":""},"_links":{"self":[{"href":"http:\/\/www.tc-og-gm.de\/index.php?rest_route=\/wp\/v2\/pages\/66"}],"collection":[{"href":"http:\/\/www.tc-og-gm.de\/index.php?rest_route=\/wp\/v2\/pages"}],"about":[{"href":"http:\/\/www.tc-og-gm.de\/index.php?rest_route=\/wp\/v2\/types\/page"}],"author":[{"embeddable":true,"href":"http:\/\/www.tc-og-gm.de\/index.php?rest_route=\/wp\/v2\/users\/1"}],"replies":[{"embeddable":true,"href":"http:\/\/www.tc-og-gm.de\/index.php?rest_route=%2Fwp%2Fv2%2Fcomments&post=66"}],"version-history":[{"count":11,"href":"http:\/\/www.tc-og-gm.de\/index.php?rest_route=\/wp\/v2\/pages\/66\/revisions"}],"predecessor-version":[{"id":294,"href":"http:\/\/www.tc-og-gm.de\/index.php?rest_route=\/wp\/v2\/pages\/66\/revisions\/294"}],"wp:attachment":[{"href":"http:\/\/www.tc-og-gm.de\/index.php?rest_route=%2Fwp%2Fv2%2Fmedia&parent=66"}],"curies":[{"name":"wp","href":"https:\/\/api.w.org\/{rel}","templated":true}]}}