{"id":91,"date":"2011-03-23T21:46:12","date_gmt":"2011-03-23T21:46:12","guid":{"rendered":"http:\/\/www.tc-og-gm.de\/wp\/?page_id=91"},"modified":"2022-03-17T15:54:22","modified_gmt":"2022-03-17T15:54:22","slug":"herren-55-4er","status":"publish","type":"page","link":"http:\/\/www.tc-og-gm.de\/?page_id=91","title":{"rendered":"Herren 50(4er)"},"content":{"rendered":"<p><a href=\"http:\/\/www.tc-og-gm.de\/wp-content\/uploads\/DSC_0854.jpg\"><img loading=\"lazy\" decoding=\"async\" class=\"alignnone size-thumbnail wp-image-802\" src=\"http:\/\/www.tc-og-gm.de\/wp-content\/uploads\/DSC_0854-150x150.jpg\" alt=\"Herren 50 am 13.6.2015\" width=\"150\" height=\"150\"><\/a><\/p>\n<p><a href=\"http:\/\/tvrp.liga.nu\/cgi-bin\/WebObjects\/nuLigaTENDE.woa\/wa\/teamPortrait?team=1866459&amp;championship=PF+2016\">Mannschaftsportrait bei TORP<\/a><br \/>\n<a href=\"http:\/\/tvrp.liga.nu\/cgi-bin\/WebObjects\/nuLigaTENDE.woa\/wa\/groupPage?championship=PF+2016&amp;group=61\">Tabelle und Spielplan Herren 50 (4er) B-Klasse 1<\/a><\/p>\n<p>Mannschaftsbild erster Spieltag 02.05.2015<\/p>\n<figure id=\"attachment_636\" aria-describedby=\"caption-attachment-636\" style=\"width: 300px\" class=\"wp-caption alignnone\"><a href=\"http:\/\/www.tc-og-gm.de\/wp-content\/uploads\/H55.jpg\"><img loading=\"lazy\" decoding=\"async\" class=\"size-medium wp-image-636\" src=\"http:\/\/www.tc-og-gm.de\/wp-content\/uploads\/H55-300x285.jpg\" alt=\"Andreas, Whatts App, Herbi, Kon und Petti\" width=\"300\" height=\"285\" srcset=\"http:\/\/www.tc-og-gm.de\/wp-content\/uploads\/H55-300x285.jpg 300w, http:\/\/www.tc-og-gm.de\/wp-content\/uploads\/H55.jpg 640w\" sizes=\"(max-width: 300px) 100vw, 300px\" \/><\/a><figcaption id=\"caption-attachment-636\" class=\"wp-caption-text\">Andreas, Whatts App, Herbi, Kon und Petti<\/figcaption><\/figure>\n<p><strong>1. Punktgewinn f\u00fcr unser Team gegen Eisenberg !!!!<\/strong><\/p>\n<p>Nach der Niederlagenserie der vergangenen Saison und dem verlorenen Auftaktspiel gegen den \u00fcberm\u00e4chtigen Gegner aus Hochspeyer gelang unserem Team im Match gegen Eisenberg nun der erste Punktgewinn.<\/p>\n<p>Im ersten Einzel musste Udo alles geben(inklusive Abflug ins Netz) um seinen Gegner mit 7:5 und 7:6 nieder zu ringen. Die F\u00fchrung wechselte im zweiten Satz st\u00e4ndig und der Tiebreak konnte mit 7:5 f\u00fcr den TC OG entschieden werden.<\/p>\n<p>Herbi musste in seinem Einzel sogar in den Match Tiebreak. Der erste Satz wurde mit 7:6 gewonnen. Nach dem Verlust des zweiten Satzes mit 2:6 folgte dann der Sieg im Match Tiebreak mit 10:6.<\/p>\n<p>Kon hatte es mit einem unangenehmen Gegener zu tun, der manch seltsame &#8222;Aus-Entscheidungen&#8220; getroffen hat. So verlor Kon mit 5:7 und 4:6. Tendenz deutlich steigend.<\/p>\n<p>Andreas machte kurzen Prozess&#8230;.. so standen dann 2 gewonnene und 2 verlorene Einzel auf dem Spielbericht.<\/p>\n<p>Unser erstes Doppel mit Walter und &#8222;Sascha&#8220; machte es genau wie bei ihrem letzten Auftritt unn\u00f6tig spannend. Der ersten Satz wurde nach einer deutlichen F\u00fchrung noch einmal eng. Man gewann aber mit 7:5. Der zweite wurde recht deutlich mit 3:6 abgegeben und im Match Tiebreak setzte sich das druckvollere Spiel unser beiden Doppelasse durch.<\/p>\n<p>Das &#8222;Italienerdoppel&#8220; wurde mit 0:6 und 3:6 an Eisenberg abgegeben, so dass am Ende das verdiente Unentschieden feststand.<\/p>\n<p>Bei gewohnt gutem Essen(ein Dank an alle Helfer bzw. Helferinnen) lie\u00dfen wir den Abend bei der Sportschau und Fachsimpelei ausklingen.<\/p>\n<p>Im n\u00e4chsten Spiel ist unser Vizepr\u00e4sident Petti dabei. Der Toskana Weinmarathon ist beendet. Hoffentlich hat er Verk\u00f6stigungen f\u00fcr unser Tennisheim mitgebracht.<\/p>\n<p>Das n\u00e4chste Spiel f\u00fchrt uns dann in die Vorderpfalz nach Beindersheim. Dort werden wir versuchen den Aufwind mitzunehmen.<\/p>\n<p>Keep acing&#8230;&#8230;&#8230;&#8230;.<\/p>\n<p>&nbsp;<\/p>\n<p><strong>Fehlstart in die neue Saison.<\/strong><\/p>\n<p>Bereits am 2.5.2015 musste unsere Herren 50 Mannschaft gegen die starke Mannschaft aus Hochspeyer ran. Hier gab es in den vergangenen Jahren bereits vernichtende Niederlagen. So auch diese Mal&#8230;&#8230;&#8230;&#8230;&#8230;&#8230;.<\/p>\n<p>Unser Herbi wehrte sich tapfer gegen Rainer &#8222;the lovely one&#8220;, musste sich aber mit 2:6 und 3:6 geschlagen geben. Auch Rainer Molz war beim 2:6 und 1:6 chancenlos. Wie sich sp\u00e4ter herausstellte spielte er mit einem Erm\u00fcdungsbruch in der Hand. Er hat wohl in letzter Zeit zu viel auf dem Tennisplatz gearbeitet. Gute Besserung. Tapfer wehrte sich Kon. Nach spannendem Spiel hat es leider nur zu einem 3:6 und 4:6 gereicht. Aber eine deutliche Steigerung gegen\u00fcber der vergangene Runde ist unverkennbar. Unser &#8222;Lehrling&#8220; Andreas musste eine knappe Niederlage einstecken, \u00fcber das Ergebnis h\u00fcllen wir den Mantel des Schweigens&#8230;&#8230;&#8230;&#8230;<\/p>\n<p>Nun mussten also 3 Doppel gewonnen werden. Leider werden nur 2 gespielt, so dass das Match nur in der dritten Halbzeit gedreht werden konnte. Unser&nbsp;Doppel I mit Walter &#8222;Vorhand&#8220; Hoffmann und Sascha lieferte sich einen z\u00e4hen Kampf. Nach Abwehr von 7(!!!) Matchb\u00e4llen gelang ein 13:11 Sieg im Champions Tiebreak. Da unser Doppel II mit Herbi und Petti mit 2:6 und 3:6 den K\u00fcrzeren zog, waren dies die einzigen Punkte die auf dem Platz gewonnen wurden.<\/p>\n<p>Richtig punkten konnten die Herren 50 dann mit unserem gegrillten Rollbraten und dem Musikantenlandbraten sowie den tollen Salaten. Ein Dank an die Spender, insbesondere die Spenderinnen im Hintergrund. Auch Pettis legend\u00e4re &#8222;Schnittcher&#8220; wurden gerne genommen.<\/p>\n<p>Bei fl\u00fcssigem Obstnachtisch wurde noch bis in den Abend hinein gefachsimpelt.<\/p>\n<p>Auf ein Neues am 9.5.2015 ab 13.30 Uhr gegen den TC Eisenberg.<\/p>\n<p>Keep acing&#8230;&#8230;.<\/p>\n","protected":false},"excerpt":{"rendered":"<p>Mannschaftsportrait bei TORP Tabelle und Spielplan Herren 50 (4er) B-Klasse 1 Mannschaftsbild erster Spieltag 02.05.2015 1. Punktgewinn f\u00fcr unser Team gegen Eisenberg !!!! Nach der Niederlagenserie der vergangenen Saison und dem verlorenen Auftaktspiel gegen den \u00fcberm\u00e4chtigen Gegner aus Hochspeyer gelang unserem Team im Match gegen Eisenberg nun der erste Punktgewinn. Im ersten Einzel musste Udo alles geben(inklusive Abflug ins Netz) um seinen Gegner mit 7:5 und 7:6 nieder zu ringen. Die F\u00fchrung wechselte im zweiten Satz st\u00e4ndig und der Tiebreak konnte mit 7:5 f\u00fcr den TC OG entschieden werden. Herbi musste in seinem Einzel sogar in den Match Tiebreak. Der erste Satz wurde mit 7:6 gewonnen. Nach dem Verlust des zweiten Satzes mit 2:6 folgte dann der Sieg im Match Tiebreak mit 10:6. Kon hatte es mit einem unangenehmen Gegener zu tun, der manch seltsame &#8222;Aus-Entscheidungen&#8220; getroffen hat. So verlor Kon mit 5:7 und 4:6. Tendenz deutlich steigend. Andreas machte kurzen Prozess&#8230;.. so standen dann 2 gewonnene und 2 verlorene Einzel auf dem Spielbericht. Unser erstes Doppel mit Walter und &#8222;Sascha&#8220; machte es genau wie bei ihrem letzten Auftritt unn\u00f6tig spannend. Der ersten Satz wurde nach einer deutlichen F\u00fchrung noch einmal eng. Man gewann aber mit 7:5. Der zweite wurde recht deutlich mit 3:6 abgegeben und im Match Tiebreak setzte sich das druckvollere Spiel unser beiden Doppelasse durch. Das &#8222;Italienerdoppel&#8220; wurde mit 0:6 und 3:6 an Eisenberg abgegeben, so dass am Ende das verdiente Unentschieden feststand. Bei gewohnt gutem Essen(ein Dank an alle Helfer bzw. Helferinnen) lie\u00dfen wir den Abend bei der Sportschau und Fachsimpelei ausklingen. Im n\u00e4chsten Spiel ist unser Vizepr\u00e4sident Petti dabei. Der Toskana Weinmarathon ist beendet. Hoffentlich hat er Verk\u00f6stigungen f\u00fcr unser Tennisheim mitgebracht. Das n\u00e4chste Spiel f\u00fchrt uns dann in die Vorderpfalz nach Beindersheim. Dort werden wir versuchen den Aufwind mitzunehmen. Keep acing&#8230;&#8230;&#8230;&#8230;. &nbsp; Fehlstart in die neue Saison. Bereits am 2.5.2015 musste unsere Herren 50 Mannschaft gegen die starke Mannschaft aus Hochspeyer ran. Hier gab es in den vergangenen Jahren bereits vernichtende Niederlagen. So auch diese Mal&#8230;&#8230;&#8230;&#8230;&#8230;&#8230;. Unser Herbi wehrte sich tapfer gegen Rainer &#8222;the lovely one&#8220;, musste sich aber mit 2:6 und 3:6 geschlagen geben. Auch Rainer Molz war beim 2:6 und 1:6 chancenlos. Wie sich sp\u00e4ter herausstellte spielte er mit einem Erm\u00fcdungsbruch in der Hand. Er hat wohl in letzter Zeit zu viel auf dem Tennisplatz gearbeitet. Gute Besserung. Tapfer wehrte sich Kon. Nach spannendem Spiel hat es leider nur zu einem 3:6 und 4:6 gereicht. Aber eine deutliche Steigerung gegen\u00fcber der vergangene Runde ist unverkennbar. Unser &#8222;Lehrling&#8220; Andreas musste eine knappe Niederlage einstecken, \u00fcber das Ergebnis h\u00fcllen wir den Mantel des Schweigens&#8230;&#8230;&#8230;&#8230; Nun mussten also 3 Doppel gewonnen werden. Leider werden nur 2 gespielt, so dass das Match nur in der dritten Halbzeit gedreht werden konnte. Unser&nbsp;Doppel I mit Walter &#8222;Vorhand&#8220; Hoffmann und Sascha lieferte sich einen z\u00e4hen Kampf. Nach Abwehr von 7(!!!) Matchb\u00e4llen gelang ein 13:11 Sieg im Champions Tiebreak. Da unser Doppel II mit Herbi und Petti mit 2:6 und 3:6 den K\u00fcrzeren zog, waren dies die einzigen Punkte die auf dem Platz gewonnen wurden. Richtig punkten konnten die Herren 50 dann mit unserem gegrillten Rollbraten und dem Musikantenlandbraten sowie den tollen Salaten. Ein Dank an die Spender, insbesondere die Spenderinnen im Hintergrund. Auch Pettis legend\u00e4re &#8222;Schnittcher&#8220; wurden gerne genommen. Bei fl\u00fcssigem Obstnachtisch wurde noch bis in den Abend hinein gefachsimpelt. Auf ein Neues am 9.5.2015 ab 13.30 Uhr gegen den TC Eisenberg. Keep acing&#8230;&#8230;.<\/p>\n","protected":false},"author":1,"featured_media":636,"parent":0,"menu_order":0,"comment_status":"closed","ping_status":"open","template":"","meta":{"ngg_post_thumbnail":0,"footnotes":""},"_links":{"self":[{"href":"http:\/\/www.tc-og-gm.de\/index.php?rest_route=\/wp\/v2\/pages\/91"}],"collection":[{"href":"http:\/\/www.tc-og-gm.de\/index.php?rest_route=\/wp\/v2\/pages"}],"about":[{"href":"http:\/\/www.tc-og-gm.de\/index.php?rest_route=\/wp\/v2\/types\/page"}],"author":[{"embeddable":true,"href":"http:\/\/www.tc-og-gm.de\/index.php?rest_route=\/wp\/v2\/users\/1"}],"replies":[{"embeddable":true,"href":"http:\/\/www.tc-og-gm.de\/index.php?rest_route=%2Fwp%2Fv2%2Fcomments&post=91"}],"version-history":[{"count":11,"href":"http:\/\/www.tc-og-gm.de\/index.php?rest_route=\/wp\/v2\/pages\/91\/revisions"}],"predecessor-version":[{"id":1182,"href":"http:\/\/www.tc-og-gm.de\/index.php?rest_route=\/wp\/v2\/pages\/91\/revisions\/1182"}],"wp:featuredmedia":[{"embeddable":true,"href":"http:\/\/www.tc-og-gm.de\/index.php?rest_route=\/wp\/v2\/media\/636"}],"wp:attachment":[{"href":"http:\/\/www.tc-og-gm.de\/index.php?rest_route=%2Fwp%2Fv2%2Fmedia&parent=91"}],"curies":[{"name":"wp","href":"https:\/\/api.w.org\/{rel}","templated":true}]}}